{"id":256,"date":"2013-11-04T10:28:38","date_gmt":"2013-11-04T13:28:38","guid":{"rendered":"http:\/\/www.fncg.art.br\/?page_id=256"},"modified":"2026-03-09T21:20:57","modified_gmt":"2026-03-10T00:20:57","slug":"edicoesanteriores","status":"publish","type":"page","link":"https:\/\/www.fncg.art.br\/?page_id=256","title":{"rendered":"Edi\u00e7\u00f5es Anteriores"},"content":{"rendered":"<p>Veja aqui\u00a0os arquivos das edi\u00e7\u00f5es anteriores do FNCG.<\/p>\n<p><a href=\"http:\/\/www.fncg.art.br\/2012-2013\" target=\"_blank\" rel=\"noopener noreferrer\">2012\/2013<\/a><br \/>\n<a href=\"http:\/\/www.fncg.art.br\/2013-2014\" target=\"_blank\" rel=\"noopener noreferrer\">2013\/2014<\/a><br \/>\n<a href=\"http:\/\/www.fncg.art.br\/2014-2015\" target=\"_blank\" rel=\"noopener noreferrer\">2014\/2015<\/a><br \/>\n<a href=\"http:\/\/www.fncg.art.br\/2016\" target=\"_blank\" rel=\"noopener noreferrer\">2016<\/a><br \/>\n<a href=\"http:\/\/www.fncg.art.br\/2017\" target=\"_blank\" rel=\"noopener noreferrer\">2017<\/a><br \/>\n<a href=\"http:\/\/www.fncg.art.br\/2018\" target=\"_blank\" rel=\"noopener noreferrer\">2018<\/a><br \/>\n<a href=\"http:\/\/www.fncg.art.br\/2019\">2019<\/a><br \/>\n<a href=\"http:\/\/www.fncg.art.br\/2020\/\">2020\/2022<\/a><br \/>\n<a href=\"http:\/\/www.fncg.art.br\/2023\/\">2023<\/a><br \/>\n<a href=\"http:\/\/www.fncg.art.br\/2024\/\">2024<\/a><br \/>\n<a href=\"http:\/\/www.fncg.art.br\/2025\/\">2025<\/a><\/p>\n<div class=\"sharedaddy sd-sharing-enabled\"><div class=\"robots-nocontent sd-block sd-social sd-social-icon-text sd-sharing\"><h3 class=\"sd-title\">Compartilhe isso:<\/h3><div class=\"sd-content\"><ul><li class=\"share-facebook\"><a rel=\"nofollow noopener noreferrer\" data-shared=\"sharing-facebook-256\" class=\"share-facebook sd-button share-icon\" href=\"https:\/\/www.fncg.art.br\/?page_id=256&amp;share=facebook\" target=\"_blank\" title=\"Clique para compartilhar no Facebook\" ><span>Facebook<\/span><\/a><\/li><li class=\"share-twitter\"><a rel=\"nofollow noopener noreferrer\" data-shared=\"sharing-twitter-256\" class=\"share-twitter sd-button share-icon\" href=\"https:\/\/www.fncg.art.br\/?page_id=256&amp;share=twitter\" target=\"_blank\" title=\"Clique para compartilhar no Twitter\" ><span>Twitter<\/span><\/a><\/li><li class=\"share-jetpack-whatsapp\"><a rel=\"nofollow noopener noreferrer\" data-shared=\"\" class=\"share-jetpack-whatsapp sd-button share-icon\" href=\"https:\/\/www.fncg.art.br\/?page_id=256&amp;share=jetpack-whatsapp\" target=\"_blank\" title=\"Clique para compartilhar no WhatsApp\" ><span>WhatsApp<\/span><\/a><\/li><li class=\"share-email\"><a rel=\"nofollow noopener noreferrer\" data-shared=\"\" class=\"share-email sd-button share-icon\" href=\"mailto:?subject=%5BPost%20compartilhado%5D%20Edi%C3%A7%C3%B5es%20Anteriores&body=https%3A%2F%2Fwww.fncg.art.br%2F%3Fpage_id%3D256&share=email\" target=\"_blank\" title=\"Clique para enviar um link por e-mail para um amigo\" data-email-share-error-title=\"Voc\u00ea tem algum e-mail configurado?\" data-email-share-error-text=\"Se voc\u00ea est\u00e1 tendo problemas para compartilhar por e-mail, \u00e9 poss\u00edvel que voc\u00ea n\u00e3o tenha configurado o e-mail para seu navegador. Talvez seja necess\u00e1rio voc\u00ea mesmo criar um novo e-mail.\" data-email-share-nonce=\"3a85603d95\" data-email-share-track-url=\"https:\/\/www.fncg.art.br\/?page_id=256&amp;share=email\"><span>E-mail<\/span><\/a><\/li><li class=\"share-print\"><a rel=\"nofollow noopener noreferrer\" data-shared=\"\" class=\"share-print sd-button share-icon\" href=\"https:\/\/www.fncg.art.br\/?page_id=256\" target=\"_blank\" title=\"Clique para imprimir\" ><span>Imprimir<\/span><\/a><\/li><li class=\"share-end\"><\/li><\/ul><\/div><\/div><\/div>","protected":false},"excerpt":{"rendered":"<p>Veja aqui\u00a0os arquivos das edi\u00e7\u00f5es anteriores do FNCG. 2012\/2013 2013\/2014 2014\/2015 2016 2017 2018 2019 2020\/2022 2023 2024 2025<\/p>\n<div class=\"sharedaddy sd-sharing-enabled\"><div class=\"robots-nocontent sd-block sd-social sd-social-icon-text sd-sharing\"><h3 class=\"sd-title\">Compartilhe isso:<\/h3><div class=\"sd-content\"><ul><li class=\"share-facebook\"><a rel=\"nofollow noopener noreferrer\" data-shared=\"sharing-facebook-256\" class=\"share-facebook sd-button share-icon\" href=\"https:\/\/www.fncg.art.br\/?page_id=256&amp;share=facebook\" target=\"_blank\" title=\"Clique para compartilhar no Facebook\" ><span>Facebook<\/span><\/a><\/li><li class=\"share-twitter\"><a rel=\"nofollow noopener noreferrer\" data-shared=\"sharing-twitter-256\" class=\"share-twitter sd-button share-icon\" href=\"https:\/\/www.fncg.art.br\/?page_id=256&amp;share=twitter\" target=\"_blank\" title=\"Clique para compartilhar no Twitter\" ><span>Twitter<\/span><\/a><\/li><li class=\"share-jetpack-whatsapp\"><a rel=\"nofollow noopener noreferrer\" data-shared=\"\" class=\"share-jetpack-whatsapp sd-button share-icon\" href=\"https:\/\/www.fncg.art.br\/?page_id=256&amp;share=jetpack-whatsapp\" target=\"_blank\" title=\"Clique para compartilhar no WhatsApp\" ><span>WhatsApp<\/span><\/a><\/li><li class=\"share-email\"><a rel=\"nofollow noopener noreferrer\" data-shared=\"\" class=\"share-email sd-button share-icon\" href=\"mailto:?subject=%5BPost%20compartilhado%5D%20Edi%C3%A7%C3%B5es%20Anteriores&body=https%3A%2F%2Fwww.fncg.art.br%2F%3Fpage_id%3D256&share=email\" target=\"_blank\" title=\"Clique para enviar um link por e-mail para um amigo\" data-email-share-error-title=\"Voc\u00ea tem algum e-mail configurado?\" data-email-share-error-text=\"Se voc\u00ea est\u00e1 tendo problemas para compartilhar por e-mail, \u00e9 poss\u00edvel que voc\u00ea n\u00e3o tenha configurado o e-mail para seu navegador. Talvez seja necess\u00e1rio voc\u00ea mesmo criar um novo e-mail.\" data-email-share-nonce=\"3a85603d95\" data-email-share-track-url=\"https:\/\/www.fncg.art.br\/?page_id=256&amp;share=email\"><span>E-mail<\/span><\/a><\/li><li class=\"share-print\"><a rel=\"nofollow noopener noreferrer\" data-shared=\"\" class=\"share-print sd-button share-icon\" href=\"https:\/\/www.fncg.art.br\/?page_id=256\" target=\"_blank\" title=\"Clique para imprimir\" ><span>Imprimir<\/span><\/a><\/li><li class=\"share-end\"><\/li><\/ul><\/div><\/div><\/div>","protected":false},"author":1,"featured_media":0,"parent":0,"menu_order":13,"comment_status":"open","ping_status":"closed","template":"","meta":{"jetpack_post_was_ever_published":false},"jetpack_shortlink":"https:\/\/wp.me\/P2PtJZ-48","jetpack_sharing_enabled":true,"_links":{"self":[{"href":"https:\/\/www.fncg.art.br\/index.php?rest_route=\/wp\/v2\/pages\/256"}],"collection":[{"href":"https:\/\/www.fncg.art.br\/index.php?rest_route=\/wp\/v2\/pages"}],"about":[{"href":"https:\/\/www.fncg.art.br\/index.php?rest_route=\/wp\/v2\/types\/page"}],"author":[{"embeddable":true,"href":"https:\/\/www.fncg.art.br\/index.php?rest_route=\/wp\/v2\/users\/1"}],"replies":[{"embeddable":true,"href":"https:\/\/www.fncg.art.br\/index.php?rest_route=%2Fwp%2Fv2%2Fcomments&post=256"}],"version-history":[{"count":14,"href":"https:\/\/www.fncg.art.br\/index.php?rest_route=\/wp\/v2\/pages\/256\/revisions"}],"predecessor-version":[{"id":1777,"href":"https:\/\/www.fncg.art.br\/index.php?rest_route=\/wp\/v2\/pages\/256\/revisions\/1777"}],"wp:attachment":[{"href":"https:\/\/www.fncg.art.br\/index.php?rest_route=%2Fwp%2Fv2%2Fmedia&parent=256"}],"curies":[{"name":"wp","href":"https:\/\/api.w.org\/{rel}","templated":true}]}}