{"id":46,"date":"2012-10-06T19:27:04","date_gmt":"2012-10-06T22:27:04","guid":{"rendered":"http:\/\/www.fncg.art.br\/?page_id=46"},"modified":"2023-02-10T16:04:42","modified_gmt":"2023-02-10T19:04:42","slug":"ficha-de-inscricao","status":"publish","type":"page","link":"https:\/\/www.fncg.art.br\/?page_id=46","title":{"rendered":"Inscri\u00e7\u00f5es"},"content":{"rendered":"<p style=\"text-align: justify;\">Conforme descrito no regulamento, ser\u00e1 obrigat\u00f3rio informar nas inscri\u00e7\u00f5es o nome de todos os componentes dos grupos de dan\u00e7as e as datas de nascimento de todos os participantes, sejam individuais ou coletivos.<\/p>\n<p style=\"text-align: justify;\">Para facilitar o controle e o cadastro dos concorrentes, \u00e9 obrigat\u00f3ria&nbsp;a utiliza\u00e7\u00e3o do site <a href=\"http:\/\/sistema.borsoi.com.br\" target=\"_blank\" rel=\"noopener noreferrer\">http:\/\/sistema.borsoi.com.br<\/a>.<\/p>\n<p style=\"text-align: justify;\">Clique<a href=\"http:\/\/gelson.borsoi.com.br\/?page_id=156\" target=\"_blank\" rel=\"noopener noreferrer\"> aqui<\/a> para solicitar usu\u00e1rio e senha.<br>Veja <a href=\"http:\/\/gelson.borsoi.com.br\/Usuarios.HTML\" target=\"_blank\" rel=\"noopener noreferrer\">aqui<\/a> as entidades com usu\u00e1rios j\u00e1 cadastrados.<\/p>\n<p>Abaixo o v\u00eddeo explicando como utilizar o site de inscri\u00e7\u00f5es:<\/p>\n\n\n<figure class=\"wp-block-embed is-type-wp-embed is-provider-rumble-com wp-block-embed-rumble-com wp-embed-aspect-16-9 wp-has-aspect-ratio\"><div class=\"wp-block-embed__wrapper\">\n<iframe class=\"wp-embedded-content\" sandbox=\"allow-scripts\" security=\"restricted\" title=\"Sistema de Inscri\u00e7\u00f5es Art\u00edsticas para CTG&amp;apos;s, Rodeios e Festivais\" src=\"https:\/\/rumble.com\/embed\/v1bdqt7\/?pub=4#?secret=yoER2XGoHE\" data-secret=\"yoER2XGoHE\" width=\"1920\" height=\"1080\" frameborder=\"0\"><\/iframe>\n<\/div><figcaption class=\"wp-element-caption\">Link para visualizar no Rumble:  <br><a href=\" https:\/\/www.youtube.com\/watch?v=CXXjyzn4xd8 \"> <\/a><a href=\"https:\/\/rumble.com\/v1dzwq5-sistema-de-inscries-artsticas-para-ctgs-rodeios-e-festivais.html?mref=17pn7t&amp;mc=abbm1\">Sistema de Inscri\u00e7\u00f5es Art\u00edsticas para CTG&#8217;s, Rodeios e Festivais<\/a><\/figcaption><\/figure>\n<div class=\"sharedaddy sd-sharing-enabled\"><div class=\"robots-nocontent sd-block sd-social sd-social-icon-text sd-sharing\"><h3 class=\"sd-title\">Compartilhe isso:<\/h3><div class=\"sd-content\"><ul><li class=\"share-facebook\"><a rel=\"nofollow noopener noreferrer\" data-shared=\"sharing-facebook-46\" class=\"share-facebook sd-button share-icon\" href=\"https:\/\/www.fncg.art.br\/?page_id=46&amp;share=facebook\" target=\"_blank\" title=\"Clique para compartilhar no Facebook\" ><span>Facebook<\/span><\/a><\/li><li class=\"share-twitter\"><a rel=\"nofollow noopener noreferrer\" data-shared=\"sharing-twitter-46\" class=\"share-twitter sd-button share-icon\" href=\"https:\/\/www.fncg.art.br\/?page_id=46&amp;share=twitter\" target=\"_blank\" title=\"Clique para compartilhar no Twitter\" ><span>Twitter<\/span><\/a><\/li><li class=\"share-jetpack-whatsapp\"><a rel=\"nofollow noopener noreferrer\" data-shared=\"\" class=\"share-jetpack-whatsapp sd-button share-icon\" href=\"https:\/\/www.fncg.art.br\/?page_id=46&amp;share=jetpack-whatsapp\" target=\"_blank\" title=\"Clique para compartilhar no WhatsApp\" ><span>WhatsApp<\/span><\/a><\/li><li class=\"share-email\"><a rel=\"nofollow noopener noreferrer\" data-shared=\"\" class=\"share-email sd-button share-icon\" href=\"mailto:?subject=%5BPost%20compartilhado%5D%20Inscri%C3%A7%C3%B5es&body=https%3A%2F%2Fwww.fncg.art.br%2F%3Fpage_id%3D46&share=email\" target=\"_blank\" title=\"Clique para enviar um link por e-mail para um amigo\" data-email-share-error-title=\"Voc\u00ea tem algum e-mail configurado?\" data-email-share-error-text=\"Se voc\u00ea est\u00e1 tendo problemas para compartilhar por e-mail, \u00e9 poss\u00edvel que voc\u00ea n\u00e3o tenha configurado o e-mail para seu navegador. Talvez seja necess\u00e1rio voc\u00ea mesmo criar um novo e-mail.\" data-email-share-nonce=\"20e427a045\" data-email-share-track-url=\"https:\/\/www.fncg.art.br\/?page_id=46&amp;share=email\"><span>E-mail<\/span><\/a><\/li><li class=\"share-print\"><a rel=\"nofollow noopener noreferrer\" data-shared=\"\" class=\"share-print sd-button share-icon\" href=\"https:\/\/www.fncg.art.br\/?page_id=46\" target=\"_blank\" title=\"Clique para imprimir\" ><span>Imprimir<\/span><\/a><\/li><li class=\"share-end\"><\/li><\/ul><\/div><\/div><\/div>","protected":false},"excerpt":{"rendered":"<p>Conforme descrito no regulamento, ser\u00e1 obrigat\u00f3rio informar nas inscri\u00e7\u00f5es o nome de todos os componentes dos grupos de dan\u00e7as e as datas de nascimento de todos os participantes, sejam individuais ou coletivos. Para facilitar o controle e o cadastro dos concorrentes, \u00e9 obrigat\u00f3ria&nbsp;a utiliza\u00e7\u00e3o do site http:\/\/sistema.borsoi.com.br. Clique aqui para solicitar usu\u00e1rio e senha.Veja aqui &hellip; <a href=\"https:\/\/www.fncg.art.br\/?page_id=46\" class=\"more-link\">Continue lendo <span class=\"screen-reader-text\">Inscri\u00e7\u00f5es<\/span> <span class=\"meta-nav\">&rarr;<\/span><\/a><\/p>\n<div class=\"sharedaddy sd-sharing-enabled\"><div class=\"robots-nocontent sd-block sd-social sd-social-icon-text sd-sharing\"><h3 class=\"sd-title\">Compartilhe isso:<\/h3><div class=\"sd-content\"><ul><li class=\"share-facebook\"><a rel=\"nofollow noopener noreferrer\" data-shared=\"sharing-facebook-46\" class=\"share-facebook sd-button share-icon\" href=\"https:\/\/www.fncg.art.br\/?page_id=46&amp;share=facebook\" target=\"_blank\" title=\"Clique para compartilhar no Facebook\" ><span>Facebook<\/span><\/a><\/li><li class=\"share-twitter\"><a rel=\"nofollow noopener noreferrer\" data-shared=\"sharing-twitter-46\" class=\"share-twitter sd-button share-icon\" href=\"https:\/\/www.fncg.art.br\/?page_id=46&amp;share=twitter\" target=\"_blank\" title=\"Clique para compartilhar no Twitter\" ><span>Twitter<\/span><\/a><\/li><li class=\"share-jetpack-whatsapp\"><a rel=\"nofollow noopener noreferrer\" data-shared=\"\" class=\"share-jetpack-whatsapp sd-button share-icon\" href=\"https:\/\/www.fncg.art.br\/?page_id=46&amp;share=jetpack-whatsapp\" target=\"_blank\" title=\"Clique para compartilhar no WhatsApp\" ><span>WhatsApp<\/span><\/a><\/li><li class=\"share-email\"><a rel=\"nofollow noopener noreferrer\" data-shared=\"\" class=\"share-email sd-button share-icon\" href=\"mailto:?subject=%5BPost%20compartilhado%5D%20Inscri%C3%A7%C3%B5es&body=https%3A%2F%2Fwww.fncg.art.br%2F%3Fpage_id%3D46&share=email\" target=\"_blank\" title=\"Clique para enviar um link por e-mail para um amigo\" data-email-share-error-title=\"Voc\u00ea tem algum e-mail configurado?\" data-email-share-error-text=\"Se voc\u00ea est\u00e1 tendo problemas para compartilhar por e-mail, \u00e9 poss\u00edvel que voc\u00ea n\u00e3o tenha configurado o e-mail para seu navegador. Talvez seja necess\u00e1rio voc\u00ea mesmo criar um novo e-mail.\" data-email-share-nonce=\"20e427a045\" data-email-share-track-url=\"https:\/\/www.fncg.art.br\/?page_id=46&amp;share=email\"><span>E-mail<\/span><\/a><\/li><li class=\"share-print\"><a rel=\"nofollow noopener noreferrer\" data-shared=\"\" class=\"share-print sd-button share-icon\" href=\"https:\/\/www.fncg.art.br\/?page_id=46\" target=\"_blank\" title=\"Clique para imprimir\" ><span>Imprimir<\/span><\/a><\/li><li class=\"share-end\"><\/li><\/ul><\/div><\/div><\/div>","protected":false},"author":1,"featured_media":0,"parent":0,"menu_order":11,"comment_status":"open","ping_status":"closed","template":"","meta":{"jetpack_post_was_ever_published":false},"jetpack_shortlink":"https:\/\/wp.me\/P2PtJZ-K","jetpack_sharing_enabled":true,"_links":{"self":[{"href":"https:\/\/www.fncg.art.br\/index.php?rest_route=\/wp\/v2\/pages\/46"}],"collection":[{"href":"https:\/\/www.fncg.art.br\/index.php?rest_route=\/wp\/v2\/pages"}],"about":[{"href":"https:\/\/www.fncg.art.br\/index.php?rest_route=\/wp\/v2\/types\/page"}],"author":[{"embeddable":true,"href":"https:\/\/www.fncg.art.br\/index.php?rest_route=\/wp\/v2\/users\/1"}],"replies":[{"embeddable":true,"href":"https:\/\/www.fncg.art.br\/index.php?rest_route=%2Fwp%2Fv2%2Fcomments&post=46"}],"version-history":[{"count":28,"href":"https:\/\/www.fncg.art.br\/index.php?rest_route=\/wp\/v2\/pages\/46\/revisions"}],"predecessor-version":[{"id":1410,"href":"https:\/\/www.fncg.art.br\/index.php?rest_route=\/wp\/v2\/pages\/46\/revisions\/1410"}],"wp:attachment":[{"href":"https:\/\/www.fncg.art.br\/index.php?rest_route=%2Fwp%2Fv2%2Fmedia&parent=46"}],"curies":[{"name":"wp","href":"https:\/\/api.w.org\/{rel}","templated":true}]}}