{"id":696,"date":"2016-10-19T09:58:24","date_gmt":"2016-10-19T12:58:24","guid":{"rendered":"http:\/\/www.fncg.art.br\/?page_id=696"},"modified":"2026-03-09T21:08:31","modified_gmt":"2026-03-10T00:08:31","slug":"regulamento","status":"publish","type":"page","link":"https:\/\/www.fncg.art.br\/?page_id=696","title":{"rendered":"Regulamento"},"content":{"rendered":"\n<div class=\"wp-block-file aligncenter\"><object class=\"wp-block-file__embed\" data=\"https:\/\/www.fncg.art.br\/wp-content\/uploads\/2026\/03\/Regulamento_FNCG_2026.pdf\" type=\"application\/pdf\" style=\"width:100%;height:600px\" aria-label=\"Incorporado de Regulamento_FNCG_2026.\"><\/object><a id=\"wp-block-file--media-c3db3dff-a598-4781-8c47-33b453108983\" href=\"https:\/\/www.fncg.art.br\/wp-content\/uploads\/2026\/03\/Regulamento_FNCG_2026.pdf\">Regulamento_FNCG_2026<\/a><a href=\"https:\/\/www.fncg.art.br\/wp-content\/uploads\/2026\/03\/Regulamento_FNCG_2026.pdf\" class=\"wp-block-file__button wp-element-button\" download aria-describedby=\"wp-block-file--media-c3db3dff-a598-4781-8c47-33b453108983\">Baixar<\/a><\/div>\n<div class=\"sharedaddy sd-sharing-enabled\"><div class=\"robots-nocontent sd-block sd-social sd-social-icon-text sd-sharing\"><h3 class=\"sd-title\">Compartilhe isso:<\/h3><div class=\"sd-content\"><ul><li class=\"share-facebook\"><a rel=\"nofollow noopener noreferrer\" data-shared=\"sharing-facebook-696\" class=\"share-facebook sd-button share-icon\" href=\"https:\/\/www.fncg.art.br\/?page_id=696&amp;share=facebook\" target=\"_blank\" title=\"Clique para compartilhar no Facebook\" ><span>Facebook<\/span><\/a><\/li><li class=\"share-twitter\"><a rel=\"nofollow noopener noreferrer\" data-shared=\"sharing-twitter-696\" class=\"share-twitter sd-button share-icon\" href=\"https:\/\/www.fncg.art.br\/?page_id=696&amp;share=twitter\" target=\"_blank\" title=\"Clique para compartilhar no Twitter\" ><span>Twitter<\/span><\/a><\/li><li class=\"share-jetpack-whatsapp\"><a rel=\"nofollow noopener noreferrer\" data-shared=\"\" class=\"share-jetpack-whatsapp sd-button share-icon\" href=\"https:\/\/www.fncg.art.br\/?page_id=696&amp;share=jetpack-whatsapp\" target=\"_blank\" title=\"Clique para compartilhar no WhatsApp\" ><span>WhatsApp<\/span><\/a><\/li><li class=\"share-email\"><a rel=\"nofollow noopener noreferrer\" data-shared=\"\" class=\"share-email sd-button share-icon\" href=\"mailto:?subject=%5BPost%20compartilhado%5D%20Regulamento&body=https%3A%2F%2Fwww.fncg.art.br%2F%3Fpage_id%3D696&share=email\" target=\"_blank\" title=\"Clique para enviar um link por e-mail para um amigo\" data-email-share-error-title=\"Voc\u00ea tem algum e-mail configurado?\" data-email-share-error-text=\"Se voc\u00ea est\u00e1 tendo problemas para compartilhar por e-mail, \u00e9 poss\u00edvel que voc\u00ea n\u00e3o tenha configurado o e-mail para seu navegador. Talvez seja necess\u00e1rio voc\u00ea mesmo criar um novo e-mail.\" data-email-share-nonce=\"c09628910d\" data-email-share-track-url=\"https:\/\/www.fncg.art.br\/?page_id=696&amp;share=email\"><span>E-mail<\/span><\/a><\/li><li class=\"share-print\"><a rel=\"nofollow noopener noreferrer\" data-shared=\"\" class=\"share-print sd-button share-icon\" href=\"https:\/\/www.fncg.art.br\/?page_id=696\" target=\"_blank\" title=\"Clique para imprimir\" ><span>Imprimir<\/span><\/a><\/li><li class=\"share-end\"><\/li><\/ul><\/div><\/div><\/div>","protected":false},"excerpt":{"rendered":"<div class=\"sharedaddy sd-sharing-enabled\"><div class=\"robots-nocontent sd-block sd-social sd-social-icon-text sd-sharing\"><h3 class=\"sd-title\">Compartilhe isso:<\/h3><div class=\"sd-content\"><ul><li class=\"share-facebook\"><a rel=\"nofollow noopener noreferrer\" data-shared=\"sharing-facebook-696\" class=\"share-facebook sd-button share-icon\" href=\"https:\/\/www.fncg.art.br\/?page_id=696&amp;share=facebook\" target=\"_blank\" title=\"Clique para compartilhar no Facebook\" ><span>Facebook<\/span><\/a><\/li><li class=\"share-twitter\"><a rel=\"nofollow noopener noreferrer\" data-shared=\"sharing-twitter-696\" class=\"share-twitter sd-button share-icon\" href=\"https:\/\/www.fncg.art.br\/?page_id=696&amp;share=twitter\" target=\"_blank\" title=\"Clique para compartilhar no Twitter\" ><span>Twitter<\/span><\/a><\/li><li class=\"share-jetpack-whatsapp\"><a rel=\"nofollow noopener noreferrer\" data-shared=\"\" class=\"share-jetpack-whatsapp sd-button share-icon\" href=\"https:\/\/www.fncg.art.br\/?page_id=696&amp;share=jetpack-whatsapp\" target=\"_blank\" title=\"Clique para compartilhar no WhatsApp\" ><span>WhatsApp<\/span><\/a><\/li><li class=\"share-email\"><a rel=\"nofollow noopener noreferrer\" data-shared=\"\" class=\"share-email sd-button share-icon\" href=\"mailto:?subject=%5BPost%20compartilhado%5D%20Regulamento&body=https%3A%2F%2Fwww.fncg.art.br%2F%3Fpage_id%3D696&share=email\" target=\"_blank\" title=\"Clique para enviar um link por e-mail para um amigo\" data-email-share-error-title=\"Voc\u00ea tem algum e-mail configurado?\" data-email-share-error-text=\"Se voc\u00ea est\u00e1 tendo problemas para compartilhar por e-mail, \u00e9 poss\u00edvel que voc\u00ea n\u00e3o tenha configurado o e-mail para seu navegador. Talvez seja necess\u00e1rio voc\u00ea mesmo criar um novo e-mail.\" data-email-share-nonce=\"c09628910d\" data-email-share-track-url=\"https:\/\/www.fncg.art.br\/?page_id=696&amp;share=email\"><span>E-mail<\/span><\/a><\/li><li class=\"share-print\"><a rel=\"nofollow noopener noreferrer\" data-shared=\"\" class=\"share-print sd-button share-icon\" href=\"https:\/\/www.fncg.art.br\/?page_id=696\" target=\"_blank\" title=\"Clique para imprimir\" ><span>Imprimir<\/span><\/a><\/li><li class=\"share-end\"><\/li><\/ul><\/div><\/div><\/div>","protected":false},"author":1,"featured_media":0,"parent":0,"menu_order":12,"comment_status":"closed","ping_status":"closed","template":"","meta":{"jetpack_post_was_ever_published":false},"jetpack_shortlink":"https:\/\/wp.me\/P2PtJZ-be","jetpack_sharing_enabled":true,"_links":{"self":[{"href":"https:\/\/www.fncg.art.br\/index.php?rest_route=\/wp\/v2\/pages\/696"}],"collection":[{"href":"https:\/\/www.fncg.art.br\/index.php?rest_route=\/wp\/v2\/pages"}],"about":[{"href":"https:\/\/www.fncg.art.br\/index.php?rest_route=\/wp\/v2\/types\/page"}],"author":[{"embeddable":true,"href":"https:\/\/www.fncg.art.br\/index.php?rest_route=\/wp\/v2\/users\/1"}],"replies":[{"embeddable":true,"href":"https:\/\/www.fncg.art.br\/index.php?rest_route=%2Fwp%2Fv2%2Fcomments&post=696"}],"version-history":[{"count":56,"href":"https:\/\/www.fncg.art.br\/index.php?rest_route=\/wp\/v2\/pages\/696\/revisions"}],"predecessor-version":[{"id":1766,"href":"https:\/\/www.fncg.art.br\/index.php?rest_route=\/wp\/v2\/pages\/696\/revisions\/1766"}],"wp:attachment":[{"href":"https:\/\/www.fncg.art.br\/index.php?rest_route=%2Fwp%2Fv2%2Fmedia&parent=696"}],"curies":[{"name":"wp","href":"https:\/\/api.w.org\/{rel}","templated":true}]}}