{"id":987,"date":"2018-12-20T14:39:49","date_gmt":"2018-12-20T17:39:49","guid":{"rendered":"http:\/\/www.fncg.art.br\/?page_id=987"},"modified":"2026-03-09T21:17:35","modified_gmt":"2026-03-10T00:17:35","slug":"2a-etapa","status":"publish","type":"page","link":"https:\/\/www.fncg.art.br\/?page_id=987","title":{"rendered":"2\u00aa Etapa"},"content":{"rendered":"\n<p>A 2\u00aa Etapa do XXIV Festival Nacional da Cultura Ga\u00facha est\u00e1 agendada para os dias 15 e 16 de agosto de 2026 na cidade de Caxias do Sul \u2013 RS. Ser\u00e1 promovida pelo COFAT no CTG Paix\u00e3o C\u00f4rtes.<\/p>\n\n\n\n<p>As inscri\u00e7\u00f5es estar\u00e3o abertas no dia 03\/08\/2026 \u00e0s 12hs e finalizam no dia 10\/08\/2026 \u00e0s 20hs atrav\u00e9s do <a href=\"https:\/\/sistema.borsoi.com.br\">https:\/\/sistema.borsoi.com.br<\/a><\/p>\n<div class=\"sharedaddy sd-sharing-enabled\"><div class=\"robots-nocontent sd-block sd-social sd-social-icon-text sd-sharing\"><h3 class=\"sd-title\">Compartilhe isso:<\/h3><div class=\"sd-content\"><ul><li class=\"share-facebook\"><a rel=\"nofollow noopener noreferrer\" data-shared=\"sharing-facebook-987\" class=\"share-facebook sd-button share-icon\" href=\"https:\/\/www.fncg.art.br\/?page_id=987&amp;share=facebook\" target=\"_blank\" title=\"Clique para compartilhar no Facebook\" ><span>Facebook<\/span><\/a><\/li><li class=\"share-twitter\"><a rel=\"nofollow noopener noreferrer\" data-shared=\"sharing-twitter-987\" class=\"share-twitter sd-button share-icon\" href=\"https:\/\/www.fncg.art.br\/?page_id=987&amp;share=twitter\" target=\"_blank\" title=\"Clique para compartilhar no Twitter\" ><span>Twitter<\/span><\/a><\/li><li class=\"share-jetpack-whatsapp\"><a rel=\"nofollow noopener noreferrer\" data-shared=\"\" class=\"share-jetpack-whatsapp sd-button share-icon\" href=\"https:\/\/www.fncg.art.br\/?page_id=987&amp;share=jetpack-whatsapp\" target=\"_blank\" title=\"Clique para compartilhar no WhatsApp\" ><span>WhatsApp<\/span><\/a><\/li><li class=\"share-email\"><a rel=\"nofollow noopener noreferrer\" data-shared=\"\" class=\"share-email sd-button share-icon\" href=\"mailto:?subject=%5BPost%20compartilhado%5D%202%C2%AA%20Etapa&body=https%3A%2F%2Fwww.fncg.art.br%2F%3Fpage_id%3D987&share=email\" target=\"_blank\" title=\"Clique para enviar um link por e-mail para um amigo\" data-email-share-error-title=\"Voc\u00ea tem algum e-mail configurado?\" data-email-share-error-text=\"Se voc\u00ea est\u00e1 tendo problemas para compartilhar por e-mail, \u00e9 poss\u00edvel que voc\u00ea n\u00e3o tenha configurado o e-mail para seu navegador. Talvez seja necess\u00e1rio voc\u00ea mesmo criar um novo e-mail.\" data-email-share-nonce=\"46de050f47\" data-email-share-track-url=\"https:\/\/www.fncg.art.br\/?page_id=987&amp;share=email\"><span>E-mail<\/span><\/a><\/li><li class=\"share-print\"><a rel=\"nofollow noopener noreferrer\" data-shared=\"\" class=\"share-print sd-button share-icon\" href=\"https:\/\/www.fncg.art.br\/?page_id=987\" target=\"_blank\" title=\"Clique para imprimir\" ><span>Imprimir<\/span><\/a><\/li><li class=\"share-end\"><\/li><\/ul><\/div><\/div><\/div>","protected":false},"excerpt":{"rendered":"<p>A 2\u00aa Etapa do XXIV Festival Nacional da Cultura Ga\u00facha est\u00e1 agendada para os dias 15 e 16 de agosto de 2026 na cidade de Caxias do Sul \u2013 RS. Ser\u00e1 promovida pelo COFAT no CTG Paix\u00e3o C\u00f4rtes. As inscri\u00e7\u00f5es estar\u00e3o abertas no dia 03\/08\/2026 \u00e0s 12hs e finalizam no dia 10\/08\/2026 \u00e0s 20hs atrav\u00e9s &hellip; <a href=\"https:\/\/www.fncg.art.br\/?page_id=987\" class=\"more-link\">Continue lendo <span class=\"screen-reader-text\">2\u00aa Etapa<\/span> <span class=\"meta-nav\">&rarr;<\/span><\/a><\/p>\n<div class=\"sharedaddy sd-sharing-enabled\"><div class=\"robots-nocontent sd-block sd-social sd-social-icon-text sd-sharing\"><h3 class=\"sd-title\">Compartilhe isso:<\/h3><div class=\"sd-content\"><ul><li class=\"share-facebook\"><a rel=\"nofollow noopener noreferrer\" data-shared=\"sharing-facebook-987\" class=\"share-facebook sd-button share-icon\" href=\"https:\/\/www.fncg.art.br\/?page_id=987&amp;share=facebook\" target=\"_blank\" title=\"Clique para compartilhar no Facebook\" ><span>Facebook<\/span><\/a><\/li><li class=\"share-twitter\"><a rel=\"nofollow noopener noreferrer\" data-shared=\"sharing-twitter-987\" class=\"share-twitter sd-button share-icon\" href=\"https:\/\/www.fncg.art.br\/?page_id=987&amp;share=twitter\" target=\"_blank\" title=\"Clique para compartilhar no Twitter\" ><span>Twitter<\/span><\/a><\/li><li class=\"share-jetpack-whatsapp\"><a rel=\"nofollow noopener noreferrer\" data-shared=\"\" class=\"share-jetpack-whatsapp sd-button share-icon\" href=\"https:\/\/www.fncg.art.br\/?page_id=987&amp;share=jetpack-whatsapp\" target=\"_blank\" title=\"Clique para compartilhar no WhatsApp\" ><span>WhatsApp<\/span><\/a><\/li><li class=\"share-email\"><a rel=\"nofollow noopener noreferrer\" data-shared=\"\" class=\"share-email sd-button share-icon\" href=\"mailto:?subject=%5BPost%20compartilhado%5D%202%C2%AA%20Etapa&body=https%3A%2F%2Fwww.fncg.art.br%2F%3Fpage_id%3D987&share=email\" target=\"_blank\" title=\"Clique para enviar um link por e-mail para um amigo\" data-email-share-error-title=\"Voc\u00ea tem algum e-mail configurado?\" data-email-share-error-text=\"Se voc\u00ea est\u00e1 tendo problemas para compartilhar por e-mail, \u00e9 poss\u00edvel que voc\u00ea n\u00e3o tenha configurado o e-mail para seu navegador. Talvez seja necess\u00e1rio voc\u00ea mesmo criar um novo e-mail.\" data-email-share-nonce=\"46de050f47\" data-email-share-track-url=\"https:\/\/www.fncg.art.br\/?page_id=987&amp;share=email\"><span>E-mail<\/span><\/a><\/li><li class=\"share-print\"><a rel=\"nofollow noopener noreferrer\" data-shared=\"\" class=\"share-print sd-button share-icon\" href=\"https:\/\/www.fncg.art.br\/?page_id=987\" target=\"_blank\" title=\"Clique para imprimir\" ><span>Imprimir<\/span><\/a><\/li><li class=\"share-end\"><\/li><\/ul><\/div><\/div><\/div>","protected":false},"author":1,"featured_media":0,"parent":0,"menu_order":1,"comment_status":"closed","ping_status":"closed","template":"","meta":{"jetpack_post_was_ever_published":false},"jetpack_shortlink":"https:\/\/wp.me\/P2PtJZ-fV","jetpack_sharing_enabled":true,"_links":{"self":[{"href":"https:\/\/www.fncg.art.br\/index.php?rest_route=\/wp\/v2\/pages\/987"}],"collection":[{"href":"https:\/\/www.fncg.art.br\/index.php?rest_route=\/wp\/v2\/pages"}],"about":[{"href":"https:\/\/www.fncg.art.br\/index.php?rest_route=\/wp\/v2\/types\/page"}],"author":[{"embeddable":true,"href":"https:\/\/www.fncg.art.br\/index.php?rest_route=\/wp\/v2\/users\/1"}],"replies":[{"embeddable":true,"href":"https:\/\/www.fncg.art.br\/index.php?rest_route=%2Fwp%2Fv2%2Fcomments&post=987"}],"version-history":[{"count":28,"href":"https:\/\/www.fncg.art.br\/index.php?rest_route=\/wp\/v2\/pages\/987\/revisions"}],"predecessor-version":[{"id":1774,"href":"https:\/\/www.fncg.art.br\/index.php?rest_route=\/wp\/v2\/pages\/987\/revisions\/1774"}],"wp:attachment":[{"href":"https:\/\/www.fncg.art.br\/index.php?rest_route=%2Fwp%2Fv2%2Fmedia&parent=987"}],"curies":[{"name":"wp","href":"https:\/\/api.w.org\/{rel}","templated":true}]}}